{"id":9,"date":"2013-05-20T20:59:19","date_gmt":"2013-05-20T20:59:19","guid":{"rendered":"http:\/\/www.construtorayamashita.com.br\/?page_id=9"},"modified":"2013-10-03T20:26:48","modified_gmt":"2013-10-03T20:26:48","slug":"missao-e-valores","status":"publish","type":"page","link":"https:\/\/www.construtorayamashita.com.br\/?page_id=9","title":{"rendered":"NOSSOS VALORES"},"content":{"rendered":"<p>A Construtora Yamashita se destaca por ser uma empresa respons\u00e1vel, consciente e \u00e9tica. Mantendo em seu quadro os melhores profissionais do ramo, a Yamashita garante excel\u00eancia em seus servi\u00e7os, pontualidade na entrega e um alto padr\u00e3o de qualidade para todos seus clientes, com quem a Construtora aposta\u00a0em uma\u00a0rede de confian\u00e7a e bons relacionamentos.<\/p>\n<p>Buscamos sempre oferecer aos nossos clientes e colaboradores o que h\u00e1 de melhor na constru\u00e7\u00e3o civil, preservando a qualidade dos seus im\u00f3veis e aprimorando com novas tecnologias, respeitando o meio ambiente e contribuindo para o desenvolvimento do pa\u00eds.<\/p>\n<ul>\n<li>Qualidade<\/li>\n<li>\u00c9tica<\/li>\n<li>Transpar\u00eancia<\/li>\n<li>Comprometimento com seus clientes<\/li>\n<li>Respeito<\/li>\n<\/ul>\n","protected":false},"excerpt":{"rendered":"<p>A Construtora Yamashita se destaca por ser uma empresa respons\u00e1vel, consciente e \u00e9tica. Mantendo em seu quadro os melhores profissionais do ramo, a Yamashita garante excel\u00eancia em seus servi\u00e7os, pontualidade na entrega e um alto padr\u00e3o de qualidade para todos seus clientes, com quem a Construtora aposta\u00a0em uma\u00a0rede de confian\u00e7a e bons relacionamentos. Buscamos sempre [&hellip;]<\/p>\n","protected":false},"author":2,"featured_media":111,"parent":0,"menu_order":2,"comment_status":"open","ping_status":"closed","template":"","meta":[],"_links":{"self":[{"href":"https:\/\/www.construtorayamashita.com.br\/index.php?rest_route=\/wp\/v2\/pages\/9"}],"collection":[{"href":"https:\/\/www.construtorayamashita.com.br\/index.php?rest_route=\/wp\/v2\/pages"}],"about":[{"href":"https:\/\/www.construtorayamashita.com.br\/index.php?rest_route=\/wp\/v2\/types\/page"}],"author":[{"embeddable":true,"href":"https:\/\/www.construtorayamashita.com.br\/index.php?rest_route=\/wp\/v2\/users\/2"}],"replies":[{"embeddable":true,"href":"https:\/\/www.construtorayamashita.com.br\/index.php?rest_route=%2Fwp%2Fv2%2Fcomments&post=9"}],"version-history":[{"count":9,"href":"https:\/\/www.construtorayamashita.com.br\/index.php?rest_route=\/wp\/v2\/pages\/9\/revisions"}],"predecessor-version":[{"id":152,"href":"https:\/\/www.construtorayamashita.com.br\/index.php?rest_route=\/wp\/v2\/pages\/9\/revisions\/152"}],"wp:featuredmedia":[{"embeddable":true,"href":"https:\/\/www.construtorayamashita.com.br\/index.php?rest_route=\/wp\/v2\/media\/111"}],"wp:attachment":[{"href":"https:\/\/www.construtorayamashita.com.br\/index.php?rest_route=%2Fwp%2Fv2%2Fmedia&parent=9"}],"curies":[{"name":"wp","href":"https:\/\/api.w.org\/{rel}","templated":true}]}}