{"id":7,"date":"2013-05-20T20:58:32","date_gmt":"2013-05-20T20:58:32","guid":{"rendered":"http:\/\/www.construtorayamashita.com.br\/?page_id=7"},"modified":"2013-10-04T12:05:32","modified_gmt":"2013-10-04T12:05:32","slug":"quem-somos","status":"publish","type":"page","link":"https:\/\/www.construtorayamashita.com.br\/?page_id=7","title":{"rendered":"QUEM SOMOS"},"content":{"rendered":"<p>Somos a Construtora Yamashita, uma empresa industrial e comercial no ramo da constru\u00e7\u00e3o civil. Temos nossa sede na cidade de Mar\u00edlia-SP desde 1981, sob a dire\u00e7\u00e3o de seu propriet\u00e1rio e respons\u00e1vel t\u00e9cnico, Engenheiro HOR\u00c1CIO HIDEO YAMASHITA.<\/p>\n<p>Com pr\u00e1tica em grandes e pequenos\u00a0empreendimentos, a Construtora Yamashita tornou-se s\u00edmbolo de excel\u00eancia no assunto de constru\u00e7\u00e3o e projetos de engenharia.<\/p>\n<p>Hoje o portf\u00f3lio da Yamashita inclui obras residenciais, e comerciais como: galp\u00f5es, lojas, supermercados e outros, al\u00e9m de edif\u00edcios residenciais.<\/p>\n","protected":false},"excerpt":{"rendered":"<p>CONSTRUTORA YAMASHITA LTDA., empresa industrial e comercial no ramo da constru\u00e7\u00e3o civil, tem sua sede na cidade de Mar\u00edlia-SP desde 1981, sob a dire\u00e7\u00e3o de seu propriet\u00e1rio e respons\u00e1vel t\u00e9cnico, Eng.o HOR\u00c1CIO HIDEO YAMASHITA.<\/p>\n","protected":false},"author":2,"featured_media":146,"parent":0,"menu_order":1,"comment_status":"open","ping_status":"closed","template":"page-full.php","meta":[],"_links":{"self":[{"href":"https:\/\/www.construtorayamashita.com.br\/index.php?rest_route=\/wp\/v2\/pages\/7"}],"collection":[{"href":"https:\/\/www.construtorayamashita.com.br\/index.php?rest_route=\/wp\/v2\/pages"}],"about":[{"href":"https:\/\/www.construtorayamashita.com.br\/index.php?rest_route=\/wp\/v2\/types\/page"}],"author":[{"embeddable":true,"href":"https:\/\/www.construtorayamashita.com.br\/index.php?rest_route=\/wp\/v2\/users\/2"}],"replies":[{"embeddable":true,"href":"https:\/\/www.construtorayamashita.com.br\/index.php?rest_route=%2Fwp%2Fv2%2Fcomments&post=7"}],"version-history":[{"count":20,"href":"https:\/\/www.construtorayamashita.com.br\/index.php?rest_route=\/wp\/v2\/pages\/7\/revisions"}],"predecessor-version":[{"id":153,"href":"https:\/\/www.construtorayamashita.com.br\/index.php?rest_route=\/wp\/v2\/pages\/7\/revisions\/153"}],"wp:featuredmedia":[{"embeddable":true,"href":"https:\/\/www.construtorayamashita.com.br\/index.php?rest_route=\/wp\/v2\/media\/146"}],"wp:attachment":[{"href":"https:\/\/www.construtorayamashita.com.br\/index.php?rest_route=%2Fwp%2Fv2%2Fmedia&parent=7"}],"curies":[{"name":"wp","href":"https:\/\/api.w.org\/{rel}","templated":true}]}}